{"id":622,"date":"2013-07-29T17:00:41","date_gmt":"2013-07-30T00:00:41","guid":{"rendered":"http:\/\/www.designer-notes.com\/?page_id=622"},"modified":"2025-08-12T12:59:47","modified_gmt":"2025-08-12T19:59:47","slug":"podcasts","status":"publish","type":"page","link":"https:\/\/www.designer-notes.com\/podcasts\/","title":{"rendered":"Podcasts"},"content":{"rendered":"<p><strong>Designer Notes (<a href=\"https:\/\/soundcloud.com\/idlethumbs\/sets\/designer-notes\">Playlist<\/a>)<\/strong><\/p>\n<ul>\n<li>#90: <a href=\"https:\/\/www.designer-notes.com\/designer-notes-90-patrice-desilets-part-2\/\">Patrice Desilets (Part 2)<\/a><\/li>\n<li>#89: <a href=\"https:\/\/www.designer-notes.com\/designer-notes-89-patrice-desilets-part-1\/\">Patrice Desilets (Part 1)<\/a><\/li>\n<li>#88: <a href=\"https:\/\/www.designer-notes.com\/designer-notes-88-caroline-marchal-part-2\/\">Caroline Marchal (Part 2)<\/a><\/li>\n<li>#87: <a href=\"https:\/\/www.designer-notes.com\/designer-notes-87-caroline-marchal-part-1\/\">Caroline Marchal (Part 1)<\/a><\/li>\n<li>#86: <a href=\"https:\/\/www.designer-notes.com\/designer-notes-86-anton-strenger\/\">Anton Strenger<\/a><\/li>\n<li>#85: <a href=\"https:\/\/www.designer-notes.com\/designer-notes-85-zach-barth-part-2\/\">Zach Barth (Part 2)<\/a><\/li>\n<li>#84: <a href=\"https:\/\/www.designer-notes.com\/designer-notes-84-zach-barth-part-1\/\">Zach Barth (Part 1)<\/a><\/li>\n<li>#83: <a href=\"https:\/\/www.designer-notes.com\/designer-notes-83-mitch-lasky-part-2\/\">Mitch Lasky (Part 2)<\/a><\/li>\n<li>#82: <a href=\"https:\/\/www.designer-notes.com\/designer-notes-82-mitch-lasky-part-1\/\">Mitch Lasky (Part 1)<\/a><\/li>\n<li>#81: <a href=\"https:\/\/www.idlethumbs.net\/designernotes\/episodes\/jake-solomon-part-2\">Jake Solomon (Part 2)<\/a><\/li>\n<li>#80: <a href=\"https:\/\/www.designer-notes.com\/designer-notes-80-jake-solomon-part-1\/\">Jake Solomon (Part 1)<\/a><\/li>\n<li>#79: <a href=\"https:\/\/www.designer-notes.com\/designer-notes-79-trent-kusters-part-2\/\">Trent Kusters (Part 2)<\/a><\/li>\n<li>#78: <a href=\"https:\/\/www.designer-notes.com\/designer-notes-78-trent-kusters-part-1\/\">Trent Kusters (Part 1)<\/a><\/li>\n<li>#77: <a href=\"https:\/\/www.idlethumbs.net\/designernotes\/episodes\/cole-wehrle\/\">Cole Wehrle<\/a><\/li>\n<li>#76: <a href=\"https:\/\/www.idlethumbs.net\/designernotes\/episodes\/tanya-short\">Tanya Short<\/a><\/li>\n<li>#75: <a href=\"https:\/\/www.idlethumbs.net\/designernotes\/episodes\/moonbreaker\">Moonbreaker<\/a><\/li>\n<li>#74: <a href=\"https:\/\/www.idlethumbs.net\/designernotes\/episodes\/charlie-cleveland\/\">Charlie Cleveland<\/a><\/li>\n<li>#73: <a href=\"https:\/\/www.idlethumbs.net\/designernotes\/episodes\/liz-england\/\">Liz England<\/a><\/li>\n<li>#72: <a href=\"https:\/\/www.idlethumbs.net\/designernotes\/episodes\/harvey-smith-1\/\">Harvey Smith<\/a><\/li>\n<li>#71: <a href=\"https:\/\/www.idlethumbs.net\/designernotes\/episodes\/matthew-davis\/\">Matthew Davis<\/a><\/li>\n<li>#70: <a href=\"https:\/\/www.idlethumbs.net\/designernotes\/episodes\/justin-ma-1\/\">Justin Ma<\/a><\/li>\n<li>#69: <a href=\"https:\/\/www.idlethumbs.net\/designernotes\/episodes\/designer-notes-69-chris-delay-part-2\/\">Chris DeLay (Part 2)<\/a><\/li>\n<li>#68: <a href=\"#68: Chris DeLay (Part 1)\">Chris DeLay (Part 1)<\/a><\/li>\n<li>#67: <a href=\"https:\/\/www.idlethumbs.net\/designernotes\/episodes\/old-world\">Old World<\/a><\/li>\n<li>#66: <a href=\"https:\/\/www.idlethumbs.net\/designernotes\/episodes\/luca-redwood\/\">Luca Redwood<\/a><\/li>\n<li>#65: <a href=\"https:\/\/www.idlethumbs.net\/designernotes\/episodes\/robin-hunicke-part-2\/\">Robin Hunicke (Part 2)<\/a><\/li>\n<li>#64: <a href=\"https:\/\/www.idlethumbs.net\/designernotes\/episodes\/robin-hunicke-part-1\">Robin Hunicke (Part 1)<\/a><\/li>\n<li>#63: <a href=\"https:\/\/www.idlethumbs.net\/designernotes\/episodes\/josh-sawyer-part-2\/\">Josh Sawyer (Part 2)<\/a><\/li>\n<li>#62: <a href=\"https:\/\/www.idlethumbs.net\/designernotes\/episodes\/josh-sawyer-part-1\/\">Josh Sawyer (Part 1)<\/a><\/li>\n<li>#61: <a href=\"https:\/\/www.idlethumbs.net\/designernotes\/episodes\/chet-faliszek\/\">Chet Faliszek<\/a><\/li>\n<li>#60: <a href=\"https:\/\/www.idlethumbs.net\/designernotes\/episodes\/andy-schatz-part-2\/\">Andy Schatz (Part 2)<\/a><\/li>\n<li>#59: <a href=\"https:\/\/www.idlethumbs.net\/designernotes\/episodes\/andy-schatz-part-1\/\">Andy Schatz (Part 1)<\/a><\/li>\n<li>#58: <a href=\"https:\/\/www.idlethumbs.net\/designernotes\/episodes\/rob-daviau-part-2\/\">Rob Daviau (Part 2)<\/a><\/li>\n<li>#57: <a href=\"https:\/\/www.idlethumbs.net\/designernotes\/episodes\/rob-daviau-part-1\/\">Rob Daviau (Part 1)<\/a><\/li>\n<li>#56: <a href=\"https:\/\/www.idlethumbs.net\/designernotes\/episodes\/david-dunham\/\">David Dunham (with Meg Jayanth)<\/a><\/li>\n<li>#55: <a href=\"https:\/\/www.idlethumbs.net\/designernotes\/episodes\/meg-jayanth\/\">Meg Jayanth<\/a><\/li>\n<li>#54: <a href=\"https:\/\/www.idlethumbs.net\/designernotes\/episodes\/jon-ingold-part-2\/\">Jon Ingold (Part 2)<\/a><\/li>\n<li>#53: <a href=\"https:\/\/www.idlethumbs.net\/designernotes\/episodes\/jon-ingold-part-1\">Jon Ingold (Part 1)<\/a><\/li>\n<li>#52: <a href=\"https:\/\/www.idlethumbs.net\/designernotes\/episodes\/roger-keating\">Roger Keating<\/a>**<\/li>\n<li>#51:\u00a0<a href=\"https:\/\/www.idlethumbs.net\/designernotes\/episodes\/michal-drozdowski-and-przemyslaw-marszal\">Micha\u0142 Drozdowski and Przemys\u0142aw Marsza\u0142<\/a><\/li>\n<li>#50: <a href=\"https:\/\/www.idlethumbs.net\/designernotes\/episodes\/designer-notes-50-alex-hutchinson\">Alex Hutchinson<\/a><\/li>\n<li>#49: <a href=\"https:\/\/www.idlethumbs.net\/designernotes\/episodes\/adam-saltsman-part-2\/\">Adam Saltsman (Part 2)<\/a><\/li>\n<li>#48: <a href=\"https:\/\/www.idlethumbs.net\/designernotes\/episodes\/adam-saltsman-part-1\/\">Adam Saltsman (Part 1)<\/a><\/li>\n<li>#47: <a href=\"https:\/\/www.idlethumbs.net\/designernotes\/episodes\/brendon-chung-part-2\">Brendon Chung (Part 2)<\/a><\/li>\n<li>#46: <a href=\"https:\/\/www.idlethumbs.net\/designernotes\/episodes\/brendon-chung-part-1\">Brendon Chung (Part 1)<\/a><\/li>\n<li>#45: <a href=\"https:\/\/www.idlethumbs.net\/designernotes\/episodes\/rami-ismail\">Rami Ismail<\/a><\/li>\n<li>#44: <a href=\"https:\/\/www.idlethumbs.net\/designernotes\/episodes\/clint-hocking-part-2\">Clint Hocking (Part 2)<\/a><\/li>\n<li>#43: <a href=\"https:\/\/www.idlethumbs.net\/designernotes\/episodes\/clint-hocking-part-1\/\">Clint Hocking (Part 1)<\/a><\/li>\n<li>#42: <a href=\"https:\/\/www.idlethumbs.net\/designernotes\/episodes\/david-sirlin-part-2\">David Sirlin (Part 2)<\/a><\/li>\n<li>#41: <a href=\"https:\/\/www.idlethumbs.net\/designernotes\/episodes\/david-sirlin-part-1\/\">David Sirlin (Part 1)<\/a><\/li>\n<li>#40: <a href=\"https:\/\/www.idlethumbs.net\/designernotes\/episodes\/brian-reynolds-part-3\/\">Brian Reynolds (Part 3)<\/a><\/li>\n<li>#39: <a href=\"https:\/\/www.idlethumbs.net\/designernotes\/episodes\/brian-reynolds-part-2\/\">Brian Reynolds (Part 2)<\/a><\/li>\n<li>#38: <a href=\"https:\/\/www.idlethumbs.net\/designernotes\/episodes\/brian-reynolds-part-1\/\">Brian Reynolds (Part 1)<\/a><\/li>\n<li>#37: <a href=\"https:\/\/www.idlethumbs.net\/designernotes\/episodes\/chris-hecker-part-2\">Chris Hecker (Part 2)<\/a><\/li>\n<li>#36: <a href=\"https:\/\/www.idlethumbs.net\/designernotes\/episodes\/chris-hecker-part-1\">Chris Hecker (Part 1)<\/a><\/li>\n<li>#35: <a href=\"https:\/\/www.idlethumbs.net\/designernotes\/episodes\/manveer-heir\/\">Manveer Heir<\/a>*<\/li>\n<li>#34: <a href=\"https:\/\/www.idlethumbs.net\/designernotes\/episodes\/tyler-sigman-part-2\/\">Tyler Sigman (Part 2)<\/a><\/li>\n<li>#33: <a href=\"https:\/\/www.idlethumbs.net\/designernotes\/episodes\/tyler-sigman-part-1\/\">Tyler Sigman (Part 1)<\/a><\/li>\n<li>#32: <a href=\"https:\/\/www.idlethumbs.net\/designernotes\/episodes\/asher-vollmer\/\">Asher Vollmer<\/a><\/li>\n<li>#31: <a href=\"https:\/\/www.idlethumbs.net\/designernotes\/episodes\/margaret-robertson\">Margaret Robertson<\/a>*<\/li>\n<li>#30: <a href=\"https:\/\/www.idlethumbs.net\/designernotes\/episodes\/steve-gaynor-part-2\">Steve Gaynor (Part 2)<\/a><\/li>\n<li>#29: <a href=\"https:\/\/www.idlethumbs.net\/designernotes\/episodes\/steve-gaynor-part-1\">Steve Gaynor (Part 1)<\/a><\/li>\n<li>#28: <a href=\"https:\/\/www.idlethumbs.net\/designernotes\/episodes\/george-fan\/\">George Fan<\/a><\/li>\n<li>#27: <a href=\"https:\/\/www.idlethumbs.net\/designernotes\/episodes\/lucas-pope\/\">Lucas Pope<\/a>*<\/li>\n<li>#26: <a href=\"https:\/\/www.idlethumbs.net\/designernotes\/episodes\/sid-meier-part-4\/\">Sid Meier (Part 4)<\/a><\/li>\n<li>#25: <a href=\"https:\/\/www.idlethumbs.net\/designernotes\/episodes\/sid-meier-part-3\/\">Sid Meier (Part 3)<\/a><\/li>\n<li>#24: <a href=\"https:\/\/www.idlethumbs.net\/designernotes\/episodes\/sid-meier-part-2\/\">Sid Meier (Part 2)<\/a><\/li>\n<li>#23: <a href=\"https:\/\/www.idlethumbs.net\/designernotes\/episodes\/sid-meier-part-1\/\">Sid Meier (Part 1)<\/a><\/li>\n<li>#22: <a href=\"https:\/\/www.idlethumbs.net\/designernotes\/episodes\/amy-hennig-part-2\/\">Amy Hennig (Part 2)<\/a><\/li>\n<li>#21: <a href=\"https:\/\/www.idlethumbs.net\/designernotes\/episodes\/amy-hennig\">Amy Hennig (Part 1)<\/a><\/li>\n<li>#20: <a href=\"https:\/\/www.idlethumbs.net\/designernotes\/episodes\/liz-ryerson\">Liz Ryerson<\/a>*<\/li>\n<li>#19: <a href=\"https:\/\/www.idlethumbs.net\/designernotes\/episodes\/louis-castle\">Louis Castle<\/a><\/li>\n<li>#18: <a href=\"https:\/\/www.idlethumbs.net\/designernotes\/episodes\/offworld-trading-company-1\">Offworld Trading Company<\/a>**<\/li>\n<li>#17: <a href=\"https:\/\/www.idlethumbs.net\/designernotes\/episodes\/ananda-gupta\">Ananda Gupta<\/a><\/li>\n<li>#16: <a href=\"https:\/\/www.idlethumbs.net\/designernotes\/episodes\/tyriq-plummer\">Tyriq Plummer<\/a>*<\/li>\n<li>#15: <a href=\"https:\/\/www.idlethumbs.net\/designernotes\/episodes\/nels-anderson\">Nels Anderson<\/a><\/li>\n<li>#14: <a href=\"https:\/\/www.idlethumbs.net\/designernotes\/episodes\/mark-herman\">Mark Herman<\/a>**<\/li>\n<li>#13: <a href=\"https:\/\/www.idlethumbs.net\/designernotes\/episodes\/jamie-cheng\">Jamie Cheng<\/a><\/li>\n<li>#12: <a href=\"https:\/\/www.idlethumbs.net\/designernotes\/episodes\/davey-wreden\">Davey Wreden<\/a>*<\/li>\n<li>#11: <a href=\"https:\/\/www.idlethumbs.net\/designernotes\/episodes\/chris-avellone\">Chris Avellone<\/a><\/li>\n<li>#10: <a href=\"https:\/\/www.idlethumbs.net\/designernotes\/episodes\/nina-freeman\">Nina Freeman<\/a>*<\/li>\n<li>#9: <a href=\"https:\/\/www.idlethumbs.net\/designernotes\/episodes\/bruce-shelley\">Bruce Shelley<\/a><\/li>\n<li>#8:\u00a0<a href=\"https:\/\/www.idlethumbs.net\/designernotes\/episodes\/daniel-benmergui\">Daniel Benmergui<\/a>*<\/li>\n<li>#7: <a href=\"https:\/\/www.idlethumbs.net\/designernotes\/episodes\/brad-muir\">Brad Muir<\/a><\/li>\n<li>#6: <a href=\"https:\/\/www.idlethumbs.net\/designernotes\/episodes\/chelsea-howe\">Chelsea Howe<\/a>*<\/li>\n<li>#5: <a href=\"https:\/\/www.idlethumbs.net\/designernotes\/episodes\/daniel-cook\">Daniel Cook<\/a><\/li>\n<li>#4: <a href=\"https:\/\/www.idlethumbs.net\/designernotes\/episodes\/henrik-fahraeus\">Henrik Fahraeus (with Jon Shafer)<\/a><\/li>\n<li>#3: <a href=\"https:\/\/www.idlethumbs.net\/designernotes\/episodes\/frank-lantz\">Frank Lantz<\/a><\/li>\n<li>#2:\u00a0<a href=\"https:\/\/www.idlethumbs.net\/designernotes\/episodes\/rob-pardo-part-2\">Rob Pardo (Part 2)<\/a><\/li>\n<li>#1:\u00a0<a href=\"https:\/\/www.idlethumbs.net\/designernotes\/episodes\/rob-pardo-part-1\">Rob Pardo (Part 1)<\/a><\/li>\n<\/ul>\n<p>* Interviewed by Adam Saltsman<br \/>\n** Interviewed by Bruce Geryk<\/p>\n<p><strong>2024<\/strong><\/p>\n<ul>\n<li>The Game Design Round Table on\u00a0<a href=\"https:\/\/thegamedesignroundtable.com\/episode\/312-civilization-series-1\/\"><em>Civilization<\/em><\/a><\/li>\n<li>The Game Design Round Table <a href=\"https:\/\/thegamedesignroundtable.com\/episode\/307-roundtable-with-soren-johnson\/\">Listener Mailbag<\/a><\/li>\n<\/ul>\n<p><strong>2023<\/strong><\/p>\n<ul>\n<li>The Game Design Round Table on <a href=\"https:\/\/thegamedesignroundtable.com\/episode\/301-design-and-controls-with-richard-lemarchand\/\">Design and Controls (with Richard Lemarchand)<\/a><\/li>\n<li>Think Like A Game Designer on <a href=\"https:\/\/www.thinklikeagamedesigner.com\/podcast\/2019\/11\/14\/think-like-a-game-designer-50-soren-johnson2\">My Career, Part II<\/a><\/li>\n<li>Think Like A Game Designer on <a href=\"https:\/\/www.thinklikeagamedesigner.com\/podcast\/2019\/11\/14\/think-like-a-game-designer-49-soren-johnson\">My Career, Part I<\/a><\/li>\n<li>Three Moves Ahead on\u00a0<a href=\"https:\/\/www.idlethumbs.net\/3ma\/episodes\/board-game-vs-simulation-style-strategy-games\"><em>Tabletop vs Simulation Design<\/em><\/a><\/li>\n<\/ul>\n<p><strong>2022<\/strong><\/p>\n<ul>\n<li>Three Moves Ahead on\u00a0<a href=\"https:\/\/www.idlethumbs.net\/3ma\/episodes\/old-world-interview\"><em>Old World<\/em><\/a><\/li>\n<li>Waypoint Radio on\u00a0<a href=\"https:\/\/shows.acast.com\/vicegamingsnewpodcast\/episodes\/episode-484-interview-with-layla-and-soren-johnson\"><em>Old World<\/em><\/a><\/li>\n<li>Space Game Junkie on\u00a0<a href=\"https:\/\/www.spacegamejunkie.com\/podcasts\/sgj-podcast-384-old-world\/\"><em>Old World<\/em><\/a><\/li>\n<li>Strategy Can Be Fun on\u00a0<a href=\"http:\/\/keithburgun.net\/strategy-can-be-fun-soren-johnson-on-old-world\/\"><em>Old World<\/em><\/a><\/li>\n<li>History Respawned on\u00a0<a href=\"https:\/\/www.historyrespawned.com\/home\/2022\/3\/5\/leyla-and-soren-johnson-on-old-world\"><em>Old World<\/em><\/a><\/li>\n<\/ul>\n<p><strong>2021<\/strong><\/p>\n<ul>\n<li>The Game Design Round Table on\u00a0<a href=\"https:\/\/thegamedesignroundtable.com\/episode\/263-old-world-sorting-through-feedback\/\"><em>Old World<\/em><\/a><\/li>\n<li>Gamers with Jobs on\u00a0<em><a href=\"https:\/\/www.gamerswithjobs.com\/node\/1303870\">Old World<\/a><\/em><\/li>\n<li>Mohawk Games on\u00a0<a href=\"https:\/\/anchor.fm\/mohawk-games\/episodes\/Episode-3-Soren-Johnson--Design-Director-espmfd\">My Life<\/a><\/li>\n<li>Three Moves Ahead on <a href=\"https:\/\/www.idlethumbs.net\/3ma\/episodes\/sid-meiers-sid-meiers-memoir\"><em>Sid Meier&#8217;s Memoir<\/em><\/a><\/li>\n<\/ul>\n<p><strong>2020<\/strong><\/p>\n<ul>\n<li>The Eggplant Show on\u00a0<a href=\"https:\/\/eggplant.show\/46-reconsidering-civilization-with-soren-johnson\"><em>Old World<\/em><\/a><\/li>\n<li>The Crate &amp; Crowbar on\u00a0<a href=\"http:\/\/crateandcrowbar.com\/2020\/05\/15\/episode-323-pro-castration-anti-incest\/\"><em>Old World<\/em><\/a><\/li>\n<li>Explorminate on\u00a0<a href=\"https:\/\/explorminate.co\/podcast-interview-with-soren-and-leyla-johnson\/\"><em>Old World<\/em><\/a><\/li>\n<li>Gamers with Jobs on\u00a0<a href=\"https:\/\/www.gamerswithjobs.com\/node\/1303273\"><em>Old World<\/em><\/a><\/li>\n<li>The Game Design Round Table on\u00a0<a href=\"https:\/\/thegamedesignroundtable.com\/episode\/237-old-world-utilizing-playtesters-effectively\/\"><em>Old World<\/em><\/a><\/li>\n<li>DevGameClub on <a href=\"http:\/\/www.devgameclub.com\/blog\/2020\/3\/4\/dgc-ep-201-bonus-interview-with-soren-johnson\"><em>Civilization 3<\/em><\/a><\/li>\n<\/ul>\n<p><strong>2019<\/strong><\/p>\n<ul>\n<li>The Game Design Round Table on\u00a0<em><a href=\"https:\/\/thegamedesignroundtable.com\/episode\/217-10-crowns-designing-4x\/\">10 Crowns<\/a><\/em><\/li>\n<li>Gaming the Past on <a href=\"https:\/\/gamingthepast.net\/2019\/04\/11\/talk-with-civilization-game-designer-soren-johnson\/\">History and Gaming<\/a><\/li>\n<\/ul>\n<p><strong>2018<\/strong><\/p>\n<ul>\n<li>Gamers with Jobs on\u00a0<a href=\"https:\/\/www.gamerswithjobs.com\/node\/1301751\"><em>10 Crowns<\/em><\/a><\/li>\n<\/ul>\n<p><strong>2017<\/strong><\/p>\n<ul>\n<li>Eurogamer on\u00a0<a href=\"https:\/\/soundcloud.com\/chris-bratt-1\/interview-with-soren-johnson-lead-designer-on-civilization-4\">the\u00a0<em>Civilization<\/em> franchise<\/a><\/li>\n<\/ul>\n<p><strong>2016<\/strong><\/p>\n<ul>\n<li>Big Sushi on\u00a0<a href=\"http:\/\/www.bigsushi.fm\/episode-218-soren-johnson\/\"><em>Offworld Trading Company\u00a0<\/em>(Nov)<\/a><\/li>\n<li>Play Well on\u00a0<a href=\"https:\/\/soundcloud.com\/playwellco\/18-polish-essentiality-and-execution-with-soren-johnson-offworld-trading-company\"><em>Offworld Trading Company<\/em> (Jul)<\/a><\/li>\n<li>Up Up Down Down on\u00a0<a href=\"http:\/\/www.upup.fm\/show\/soren-offworld\/\"><em>Offworld Trading Company<\/em> (Jun)<\/a><\/li>\n<li>Shut Up &amp; Sit Down on\u00a0<em><a href=\"https:\/\/www.shutupandsitdown.com\/podcastle\/podcast-41-misery-farkles-and-soren-johnson\/\">Offworld Trading Company<\/a><\/em> <a href=\"https:\/\/www.shutupandsitdown.com\/podcastle\/podcast-41-misery-farkles-and-soren-johnson\/\">(Jun)<\/a><\/li>\n<li>The Game Design Round Table on\u00a0<a href=\"https:\/\/thegamedesignroundtable.com\/episode-146-soren-johnson-and-offworld-trading-company\/\"><em>Offworld Trading Company<\/em> (May)<\/a><\/li>\n<li>Three Moves Ahead on\u00a0<a href=\"https:\/\/www.idlethumbs.net\/3ma\/episodes\/offworld-trading-company\"><em>Offworld Trading Company<\/em> (Apr)<\/a><\/li>\n<li>Gamers with Jobs on\u00a0<a href=\"https:\/\/www.gamerswithjobs.com\/node\/1299821\"><em>Offworld Trading Company\u00a0<\/em>(Apr)<\/a><\/li>\n<li>Ludology on\u00a0<a href=\"http:\/\/ludology.libsyn.com\/ludology-episode-129-fast-money\"><em>Offworld Trading Company<\/em> (May)<\/a><\/li>\n<li>Three Moves Ahead on\u00a0<a href=\"https:\/\/www.idlethumbs.net\/3ma\/episodes\/civilization-at-25\">the\u00a0<em>Civilization\u00a0<\/em>franchise<\/a><\/li>\n<\/ul>\n<p><strong>2015<\/strong><\/p>\n<ul>\n<li>Memory Leak on\u00a0<a href=\"http:\/\/memoryleakinterviews.com\/soren-johnson-mohawk-games\/\">My Career<\/a><\/li>\n<li>Game Wisdom on\u00a0<a href=\"http:\/\/game-wisdom.com\/podcast\/soren-johnson-mohawk-games\"><em>Offworld Trading Company<\/em> (Mar)<\/a><\/li>\n<li>Three Moves Ahead on <a href=\"https:\/\/www.idlethumbs.net\/3ma\/episodes\/early-access-1\">Early Access<\/a><\/li>\n<li>Core Elements on\u00a0<a href=\"http:\/\/coreelementspodcast.blogspot.com\/2015\/02\/ce-72-soren-johnson.html\"><em>Offworld Trading Company<\/em> (Feb)<\/a><\/li>\n<li>Quarter to Three on\u00a0<a href=\"http:\/\/www.quartertothree.com\/fp\/2015\/02\/12\/qt3-games-podcast-offworld-trading-company\/\"><em>Offworld Trading Company<\/em> (Feb)<\/a><\/li>\n<li>Gamers with Jobs on\u00a0<a href=\"http:\/\/www.gamerswithjobs.com\/node\/119798\"><em>Offworld Trading Company<\/em> (Feb)<\/a><\/li>\n<li>The Game Design Round Table on\u00a0<a href=\"https:\/\/thegamedesignroundtable.com\/episode-116-buying-and-selling-with-soren-johnson-scott-hamden\/\"><em>Offworld Trading Company<\/em> (Jan)<\/a><\/li>\n<\/ul>\n<p><strong>2014<\/strong><\/p>\n<ul>\n<li>The Game Design Round\u00a0Table on\u00a0<em><a href=\"https:\/\/thegamedesignroundtable.com\/episode-104-trading-mission-to-mars\/\">Offworld Trading Company<\/a><\/em><a href=\"http:\/\/thegamedesignroundtable.com\/2014\/11\/08\/episode-104-trading-mission-to-mars\/\"> (Nov)<\/a><\/li>\n<li>The Game Design Round\u00a0Table on\u00a0<a href=\"https:\/\/thegamedesignroundtable.com\/episode-94-offworld-trading-company\/\"><em>Offworld Trading Company<\/em> (Aug)<\/a><\/li>\n<li>The Game Design Round\u00a0Table on <a href=\"https:\/\/thegamedesignroundtable.com\/episode-93-dynamic-campaigns\/\">Dynamic Campaigns<\/a><\/li>\n<li>Three Moves Ahead on <a href=\"https:\/\/www.idlethumbs.net\/3ma\/episodes\/building-vs-battle\">Building vs Battling<\/a><\/li>\n<li>The Game Design Round\u00a0Table on <a href=\"https:\/\/thegamedesignroundtable.com\/episode-78-streaming-and-live-development\/\">Development Streaming<\/a><\/li>\n<li>The Game Design Round\u00a0Table on\u00a0<a href=\"https:\/\/thegamedesignroundtable.com\/episode-73-mmos-rpgs-and-pathfinder\/\"><em>Pathfinder<\/em><\/a><\/li>\n<li>The Game Design Round\u00a0Table on <a href=\"https:\/\/thegamedesignroundtable.com\/episode-68-transparency\/\">Transparency<\/a><\/li>\n<li>Three Moves Ahead on\u00a0<a href=\"https:\/\/www.idlethumbs.net\/3ma\/episodes\/pressing-through-mud-and-snow-1\"><em>Drive on Moscow<\/em><\/a><\/li>\n<li>The Game Design Round\u00a0Table on <a href=\"https:\/\/thegamedesignroundtable.com\/episode-64-conflict\/\">Conflict<\/a><\/li>\n<\/ul>\n<p><strong>2013<\/strong><\/p>\n<ul>\n<li>The Game Design Round\u00a0Table on <a href=\"https:\/\/thegamedesignroundtable.com\/episode-53-mohawks-martians-with-soren-johnson\/\">Mohawk Games<\/a><\/li>\n<li>Three Moves Ahead on <a href=\"https:\/\/www.idlethumbs.net\/3ma\/episodes\/state-of-the-rts\">RTS Games<\/a><\/li>\n<li>Three Moves Ahead on <a href=\"http:\/\/www.idlethumbs.net\/3ma\/episodes\/hot-hot-ns-hex\">Asynch Board Games<\/a><\/li>\n<li>The Game Design Round\u00a0Table on\u00a0<a href=\"https:\/\/thegamedesignroundtable.com\/episode-34\/\">Progression Systems<\/a><\/li>\n<li>The Game Design Round\u00a0Table on\u00a0<a href=\"https:\/\/thegamedesignroundtable.com\/episode-14\/\">4X Games<\/a><\/li>\n<li>Three Moves Ahead on the\u00a0<a href=\"http:\/\/www.idlethumbs.net\/3ma\/episodes\/best-of-the-guests-2012\">Best of 2012<\/a><\/li>\n<\/ul>\n<p><strong>2012<\/strong><\/p>\n<ul>\n<li>Three Moves Ahead on\u00a0<a href=\"http:\/\/www.idlethumbs.net\/3ma\/episodes\/thinking-machines\">AI<\/a><\/li>\n<li>Three Moves Ahead on\u00a0<a href=\"http:\/\/www.idlethumbs.net\/3ma\/episodes\/spy-games\">Espionage<\/a><\/li>\n<li>Three Moves Ahead on\u00a0<a href=\"https:\/\/www.idlethumbs.net\/3ma\/episodes\/unit-customization-and-game-design\/\">Customization<\/a><\/li>\n<li>Quarter to Three on\u00a0<a href=\"http:\/\/www.quartertothree.com\/fp\/2012\/03\/14\/qt3-games-podcast-the-gdc-debrief\/\">GDC<\/a><\/li>\n<\/ul>\n<p><strong>2011<\/strong><\/p>\n<ul>\n<li>Three Moves Ahead on\u00a0<a href=\"http:\/\/flashofsteel.com\/index.php\/2011\/09\/29\/three-moves-ahead-episode-136-franchises-and-fumbles\/\">Game Franchises<\/a><\/li>\n<li>Three Moves Ahead (with Paul Sottosanti) on\u00a0<a href=\"http:\/\/flashofsteel.com\/index.php\/2011\/09\/22\/three-moves-ahead-episode-135-board-game-lessons\/\">Board Games<\/a><\/li>\n<li>Three Moves Ahead (with Brian Reynolds) on\u00a0<em><a href=\"http:\/\/flashofsteel.com\/index.php\/2011\/09\/15\/three-moves-ahead-episode-134-the-alpha-centauri-show\/\">Alpha Centauri<\/a><\/em><\/li>\n<li>Three Moves Ahead on\u00a0<a href=\"http:\/\/flashofsteel.com\/index.php\/2011\/09\/08\/three-moves-ahead-episode-133-we-built-this-city\/\">City Builders<\/a><\/li>\n<li>Three Moves Ahead on\u00a0<em><a href=\"http:\/\/flashofsteel.com\/index.php\/2011\/09\/01\/three-moves-ahead-episode-132-age-of-level-grinding-empires\/\">Age of Empires Online<\/a><\/em><\/li>\n<li>Three Moves Ahead on\u00a0<a href=\"http:\/\/flashofsteel.com\/index.php\/2011\/08\/25\/three-moves-ahead-episode-131-splendid-little-wars\/\">Small-Scale Games<\/a><\/li>\n<li>Hebrew Gaming on\u00a0<em><a href=\"https:\/\/hamishakia.wordpress.com\/2011\/05\/10\/bonus_episode_18\/\">Dragon Age Legends<\/a><\/em><\/li>\n<li>The Digital Life on\u00a0<em><a href=\"http:\/\/thedigitalife.com\/2011\/03\/episode-19\/\">Dragon Age Legends<\/a><\/em><\/li>\n<li>Jumping the Shark on\u00a0<em><a href=\"http:\/\/www.nohighscores.com\/2011\/03\/28\/writing-about-talking-jumping-the-shark-podcast-62\/\">Dragon Age Legends<\/a><\/em><\/li>\n<li>Gamers with Jobs on\u00a0<em><a href=\"http:\/\/www.gamerswithjobs.com\/node\/107892\">Dragon Age Legends<\/a><\/em><\/li>\n<li>Three Moves Ahead on\u00a0<a href=\"http:\/\/flashofsteel.com\/index.php\/2011\/03\/10\/three-moves-ahead-episode-107-hail-hail-the-gdc-gangs-all-here\/\">Strategy Games<\/a><\/li>\n<\/ul>\n<p><strong>2010<\/strong><\/p>\n<ul>\n<li>The Digital Life on\u00a0<a href=\"http:\/\/www.goinvo.com\/tdl-episode-6\/\">Social Gaming<\/a><\/li>\n<li>Three Moves Ahead on\u00a0<a href=\"http:\/\/flashofsteel.com\/index.php\/2010\/12\/03\/three-moves-ahead-episode-93-theme-mechanics-meaning\/\">Theme and Meaning in Games<\/a><\/li>\n<li>Three Moves Ahead on\u00a0<a href=\"http:\/\/flashofsteel.com\/index.php\/2010\/08\/03\/three-moves-ahead-episode-76-modding-strategy-games\/\">Modding<\/a><\/li>\n<\/ul>\n<p><strong>2009<\/strong><\/p>\n<ul>\n<li>ModCast on\u00a0<a href=\"http:\/\/www.weplayciv.com\/?q=node\/125\">Modding<\/a><\/li>\n<li>Three Moves Ahead on\u00a0<a href=\"http:\/\/flashofsteel.com\/index.php\/2009\/07\/14\/three-moves-ahead-episode-21-soren-johnson-and-the-state-of-the-genre\/\">Strategy Games<\/a><\/li>\n<\/ul>\n<p><strong>2008<\/strong><\/p>\n<ul>\n<li>Gamers with Jobs on\u00a0<a href=\"http:\/\/www.gamerswithjobs.com\/node\/39114\">Strategy Games<\/a><\/li>\n<\/ul>\n<p><strong>2006<\/strong><\/p>\n<ul>\n<li>PolyCast\u00a0<a href=\"http:\/\/apolyton.net\/forums\/showthread.php?threadid=159663\">Two<\/a>\u00a0<a href=\"http:\/\/apolyton.net\/forums\/showthread.php?threadid=160157\">Parter<\/a>\u00a0on\u00a0Civ Chronicles<\/li>\n<\/ul>\n","protected":false},"excerpt":{"rendered":"<p>Designer Notes (Playlist) #90: Patrice Desilets (Part 2) #89: Patrice Desilets (Part 1) #88: Caroline Marchal (Part 2) #87: Caroline Marchal (Part 1) #86: Anton Strenger #85: Zach Barth (Part 2) #84: Zach Barth (Part 1) #83: Mitch Lasky (Part &hellip; <a href=\"https:\/\/www.designer-notes.com\/podcasts\/\">Continue reading <span class=\"meta-nav\">&rarr;<\/span><\/a><\/p>\n","protected":false},"author":2,"featured_media":0,"parent":0,"menu_order":2,"comment_status":"closed","ping_status":"closed","template":"","meta":{"jetpack_post_was_ever_published":false,"footnotes":""},"class_list":["post-622","page","type-page","status-publish","hentry"],"jetpack_shortlink":"https:\/\/wp.me\/P3EGlq-a2","jetpack_sharing_enabled":true,"_links":{"self":[{"href":"https:\/\/www.designer-notes.com\/wp-json\/wp\/v2\/pages\/622","targetHints":{"allow":["GET"]}}],"collection":[{"href":"https:\/\/www.designer-notes.com\/wp-json\/wp\/v2\/pages"}],"about":[{"href":"https:\/\/www.designer-notes.com\/wp-json\/wp\/v2\/types\/page"}],"author":[{"embeddable":true,"href":"https:\/\/www.designer-notes.com\/wp-json\/wp\/v2\/users\/2"}],"replies":[{"embeddable":true,"href":"https:\/\/www.designer-notes.com\/wp-json\/wp\/v2\/comments?post=622"}],"version-history":[{"count":76,"href":"https:\/\/www.designer-notes.com\/wp-json\/wp\/v2\/pages\/622\/revisions"}],"predecessor-version":[{"id":2394,"href":"https:\/\/www.designer-notes.com\/wp-json\/wp\/v2\/pages\/622\/revisions\/2394"}],"wp:attachment":[{"href":"https:\/\/www.designer-notes.com\/wp-json\/wp\/v2\/media?parent=622"}],"curies":[{"name":"wp","href":"https:\/\/api.w.org\/{rel}","templated":true}]}}